{"id":13,"date":"2018-06-28T11:39:58","date_gmt":"2018-06-28T09:39:58","guid":{"rendered":"http:\/\/www.wkroglowski.de\/wp\/?page_id=13"},"modified":"2018-12-06T13:51:27","modified_gmt":"2018-12-06T12:51:27","slug":"layout","status":"publish","type":"page","link":"https:\/\/www.wkroglowski.de\/?page_id=13","title":{"rendered":"\u00dcber uns"},"content":{"rendered":"<h4><a href=\"https:\/\/www.wkroglowski.de\/wp-content\/uploads\/2018\/06\/Bild1-1.jpg\"><img decoding=\"async\" loading=\"lazy\" class=\"size-medium wp-image-51 alignleft\" src=\"https:\/\/www.wkroglowski.de\/wp-content\/uploads\/2018\/06\/Bild1-1-300x203.jpg\" alt=\"\" width=\"300\" height=\"203\" srcset=\"https:\/\/www.wkroglowski.de\/wp-content\/uploads\/2018\/06\/Bild1-1-300x203.jpg 300w, https:\/\/www.wkroglowski.de\/wp-content\/uploads\/2018\/06\/Bild1-1.jpg 391w\" sizes=\"(max-width: 300px) 100vw, 300px\" \/><\/a><\/h4>\n<p>&nbsp;<\/p>\n<p>&nbsp;<\/p>\n<p>&nbsp;<\/p>\n<p>&nbsp;<\/p>\n<p>&nbsp;<\/p>\n<h4 style=\"text-align: left;\"><span style=\"color: #cc0400;\">Fakten:<\/span><\/h4>\n<ul style=\"text-align: left;\">\n<li>H\u00f6chste Qualit\u00e4t in Edelstahl und Anlagenbau seit 1986<\/li>\n<li>Firmensitz im Industriegebiet Klein Nordsee<\/li>\n<li>85 Mitarbeiter<\/li>\n<li>Vielf\u00e4ltiger &amp; moderner Maschinenpark<\/li>\n<li>Prototyp bis Kleinserienfertigung<\/li>\n<\/ul>\n<h4 style=\"text-align: left;\"><span style=\"color: #cc0400;\">Leistungsbereich:<\/span><\/h4>\n<ul style=\"text-align: left;\">\n<li>Laserschneiden<\/li>\n<li>Stanzen &amp; Nibbeln<\/li>\n<li>Kanten<\/li>\n<li>Biegen<\/li>\n<li>Schwei\u00dfen<\/li>\n<li>Zerspanen<\/li>\n<li>Oberfl\u00e4chenbehandlung<\/li>\n<li>Endmontage<\/li>\n<\/ul>\n<h4 style=\"text-align: left;\"><span style=\"color: #cc0400;\">Lieferung:<\/span><\/h4>\n<ul style=\"text-align: left;\">\n<li>30 Werktage bei Standard-Baugruppen<\/li>\n<\/ul>\n<h4 style=\"text-align: left;\"><span style=\"color: #cc0400;\">Fertigungsbranchen:<\/span><\/h4>\n<ul style=\"text-align: left;\">\n<li>Erneuerbare Energien<\/li>\n<li>Pharmazeutische Branche<\/li>\n<li>Maschinen- und Anlagenbau<\/li>\n<li>Wehrtechnik<\/li>\n<li>Schiffsbau<\/li>\n<li>Lebensmittelindustrie<\/li>\n<\/ul>\n<h4 style=\"text-align: left;\"><strong><span style=\"color: #cc0400;\">Auszug aus unserem Kundenkreis:<\/span><\/strong><\/h4>\n<ul>\n<li style=\"text-align: left;\">Arts &amp; Objekts M\u00f6belbau GmbH<\/li>\n<li style=\"text-align: left;\">Atec Pharmatechnik GmbH<\/li>\n<li style=\"text-align: left;\">Caterpillar Motoren GmbH &amp; Co. KG<\/li>\n<li style=\"text-align: left;\">C-deg environmental engineering GmbH<\/li>\n<li style=\"text-align: left;\">Deutsche Windtechnik AG<\/li>\n<li style=\"text-align: left;\">DK Ketels Machines + Engineering GmbH<\/li>\n<li style=\"text-align: left;\">Esko-Graphics Imaging GmbH<\/li>\n<li style=\"text-align: left;\">Fette Compacting GmbH<\/li>\n<li style=\"text-align: left;\">Hobby Wohnwagenwerk Ing. Harald Striewski GmbH<\/li>\n<li style=\"text-align: left;\">HS Luftfilterbau GmbH<\/li>\n<li style=\"text-align: left;\">Nortec Automation GmbH<\/li>\n<li style=\"text-align: left;\">Oerlikon Neumag<\/li>\n<li style=\"text-align: left;\">Schiffsdieseltechnik Kiel GmbH<\/li>\n<li style=\"text-align: left;\">Walterwerk Kiel GmbH &amp; Co KG<\/li>\n<\/ul>\n","protected":false},"excerpt":{"rendered":"<p>&nbsp; &nbsp; &nbsp; &nbsp; &nbsp; Fakten: H\u00f6chste Qualit\u00e4t in Edelstahl und Anlagenbau seit 1986 Firmensitz im Industriegebiet Klein Nordsee 85 Mitarbeiter Vielf\u00e4ltiger &amp; moderner Maschinenpark Prototyp bis Kleinserienfertigung Leistungsbereich: Laserschneiden Stanzen &amp; Nibbeln Kanten Biegen Schwei\u00dfen Zerspanen Oberfl\u00e4chenbehandlung Endmontage Lieferung: 30 Werktage bei Standard-Baugruppen Fertigungsbranchen: Erneuerbare Energien Pharmazeutische Branche Maschinen- und Anlagenbau Wehrtechnik Schiffsbau Lebensmittelindustrie [&hellip;]<\/p>\n","protected":false},"author":1,"featured_media":0,"parent":0,"menu_order":0,"comment_status":"closed","ping_status":"closed","template":"pages\/right-sidebar.php","meta":[],"_links":{"self":[{"href":"https:\/\/www.wkroglowski.de\/index.php?rest_route=\/wp\/v2\/pages\/13"}],"collection":[{"href":"https:\/\/www.wkroglowski.de\/index.php?rest_route=\/wp\/v2\/pages"}],"about":[{"href":"https:\/\/www.wkroglowski.de\/index.php?rest_route=\/wp\/v2\/types\/page"}],"author":[{"embeddable":true,"href":"https:\/\/www.wkroglowski.de\/index.php?rest_route=\/wp\/v2\/users\/1"}],"replies":[{"embeddable":true,"href":"https:\/\/www.wkroglowski.de\/index.php?rest_route=%2Fwp%2Fv2%2Fcomments&post=13"}],"version-history":[{"count":26,"href":"https:\/\/www.wkroglowski.de\/index.php?rest_route=\/wp\/v2\/pages\/13\/revisions"}],"predecessor-version":[{"id":624,"href":"https:\/\/www.wkroglowski.de\/index.php?rest_route=\/wp\/v2\/pages\/13\/revisions\/624"}],"wp:attachment":[{"href":"https:\/\/www.wkroglowski.de\/index.php?rest_route=%2Fwp%2Fv2%2Fmedia&parent=13"}],"curies":[{"name":"wp","href":"https:\/\/api.w.org\/{rel}","templated":true}]}}