{"id":269,"date":"2018-07-02T15:40:45","date_gmt":"2018-07-02T13:40:45","guid":{"rendered":"http:\/\/www.wkroglowski.de\/wp\/?page_id=269"},"modified":"2019-01-08T10:02:28","modified_gmt":"2019-01-08T09:02:28","slug":"karriere","status":"publish","type":"page","link":"https:\/\/www.wkroglowski.de\/?page_id=269","title":{"rendered":"Mitarbeiter &#038; Karriere"},"content":{"rendered":"<h2 style=\"text-align: left;\"><span style=\"color: #333333;\">Die Entwicklung unserer <span style=\"color: #cc0433;\">Mitarbeiter<\/span> steht im <span style=\"color: #cc0433;\">Mittelpunkt<\/span> unseres anhaltenden Erfolgs!<\/span><\/h2>\n<p style=\"text-align: left;\"><span style=\"color: #333333;\"><span style=\"color: #cc0433;\">Jeder Einzelne<\/span> tr\u00e4gt zum<span style=\"color: #cc0433;\"> Erfolg<\/span> von der WKroglowski GmbH &amp; Co. KG bei.<\/span><\/p>\n<p style=\"text-align: left;\"><span style=\"color: #333333;\"><b><span style=\"color: #cc0433;\">6 gute Gr\u00fcnde<\/span> f\u00fcr uns als Arbeitgeber:<\/b><\/span><\/p>\n<ol>\n<li style=\"text-align: left;\"><strong><span style=\"color: #333333;\">\u00dcber 30 Jahre Branchenerfahrung<\/span><\/strong><\/li>\n<li style=\"text-align: left;\"><strong><span style=\"color: #333333;\">Famili\u00e4re Arbeitsatmosph\u00e4re<\/span><\/strong><\/li>\n<li style=\"text-align: left;\"><strong><span style=\"color: #333333;\">Spannendes &amp; individuelles Aufgabenfeld<\/span><\/strong><\/li>\n<li style=\"text-align: left;\"><strong><span style=\"color: #333333;\">Leistungsgerechte Verg\u00fctung<\/span><u><\/u><\/strong><\/li>\n<li style=\"text-align: left;\"><strong><span style=\"color: #333333;\">Sozialleistungen \u2013 Urlaubsgeld, 30 Tage Jahresurlaub<\/span><\/strong><\/li>\n<li style=\"text-align: left;\"><strong><span style=\"color: #333333;\">Aufstiegschancen<\/span><\/strong><\/li>\n<\/ol>\n<h3>Mitarbeiter &#8211;\u00a0Eine langfristige <span style=\"color: #cc0400;\">BINDUNG<\/span><\/h3>\n<p>Wir st\u00e4rken kontinuierlich die Kompetenzen und Kommunikationsf\u00e4higkeiten unserer Mitarbeiter, beg\u00fcnstigen ihr Engagement und sorgen f\u00fcr ein sicheres Arbeitsumfeld, sodass jeder zum Erfolg beitragen kann. Wir beziehen unsere Mitarbeiter mit ein, f\u00f6rdern sie und erkennen den Beitrag eines jeden Einzelnen an.<\/p>\n","protected":false},"excerpt":{"rendered":"<p>Die Entwicklung unserer Mitarbeiter steht im Mittelpunkt unseres anhaltenden Erfolgs! Jeder Einzelne tr\u00e4gt zum Erfolg von der WKroglowski GmbH &amp; Co. KG bei. 6 gute Gr\u00fcnde f\u00fcr uns als Arbeitgeber: \u00dcber 30 Jahre Branchenerfahrung Famili\u00e4re Arbeitsatmosph\u00e4re Spannendes &amp; individuelles Aufgabenfeld Leistungsgerechte Verg\u00fctung Sozialleistungen \u2013 Urlaubsgeld, 30 Tage Jahresurlaub Aufstiegschancen Mitarbeiter &#8211;\u00a0Eine langfristige BINDUNG Wir st\u00e4rken [&hellip;]<\/p>\n","protected":false},"author":2,"featured_media":0,"parent":13,"menu_order":0,"comment_status":"closed","ping_status":"closed","template":"pages\/right-sidebar.php","meta":[],"_links":{"self":[{"href":"https:\/\/www.wkroglowski.de\/index.php?rest_route=\/wp\/v2\/pages\/269"}],"collection":[{"href":"https:\/\/www.wkroglowski.de\/index.php?rest_route=\/wp\/v2\/pages"}],"about":[{"href":"https:\/\/www.wkroglowski.de\/index.php?rest_route=\/wp\/v2\/types\/page"}],"author":[{"embeddable":true,"href":"https:\/\/www.wkroglowski.de\/index.php?rest_route=\/wp\/v2\/users\/2"}],"replies":[{"embeddable":true,"href":"https:\/\/www.wkroglowski.de\/index.php?rest_route=%2Fwp%2Fv2%2Fcomments&post=269"}],"version-history":[{"count":22,"href":"https:\/\/www.wkroglowski.de\/index.php?rest_route=\/wp\/v2\/pages\/269\/revisions"}],"predecessor-version":[{"id":704,"href":"https:\/\/www.wkroglowski.de\/index.php?rest_route=\/wp\/v2\/pages\/269\/revisions\/704"}],"up":[{"embeddable":true,"href":"https:\/\/www.wkroglowski.de\/index.php?rest_route=\/wp\/v2\/pages\/13"}],"wp:attachment":[{"href":"https:\/\/www.wkroglowski.de\/index.php?rest_route=%2Fwp%2Fv2%2Fmedia&parent=269"}],"curies":[{"name":"wp","href":"https:\/\/api.w.org\/{rel}","templated":true}]}}