{"id":272,"date":"2018-07-02T15:40:45","date_gmt":"2018-07-02T13:40:45","guid":{"rendered":"http:\/\/www.wkroglowski.de\/wp\/?page_id=272"},"modified":"2024-06-18T08:50:46","modified_gmt":"2024-06-18T06:50:46","slug":"dokumente","status":"publish","type":"page","link":"https:\/\/www.wkroglowski.de\/?page_id=272","title":{"rendered":"Zertifikate"},"content":{"rendered":"\n<div class=\"is-layout-flow wp-block-group\"><div class=\"wp-block-group__inner-container\">\n<h3><strong>Zertifikate<br \/><\/strong><\/h3>\n<p>Folgende Zertifikate werden von uns aktuell gehalten. Wir k\u00f6nnen Ihnen gerne bei Bedarf eine Kopie der Original-Zertifikate zur Verf\u00fcgung stellen.<\/p>\n<p><strong><span style=\"text-align: left; color: #333333; text-transform: none; text-indent: 0px; letter-spacing: normal; font-family: Georgia,'Times New Roman','Bitstream Charter',Times,serif; font-size: 16px; font-style: normal; font-variant: normal; text-decoration: none; word-spacing: 0px; display: inline !important; white-space: normal; cursor: text; orphans: 2; float: none; -webkit-text-stroke-width: 0px; background-color: transparent;\">Qualit\u00e4tsmanagement\u00a0<\/span><\/strong><\/p>\n<table style=\"height: 159px;\" width=\"800\">\n<tbody>\n<tr>\n<td width=\"383\"><strong>Dokument<\/strong><\/td>\n<td width=\"243\"><strong>Bereich<\/strong><\/td>\n<td width=\"243\">\u00a0<\/td>\n<\/tr>\n<tr>\n<td width=\"383\"><strong>Zertifikat &#8211; ISO 9001:2015<\/strong><\/td>\n<td width=\"243\">Qualit\u00e4tsmanagement<\/td>\n<td width=\"243\">\u00a0<\/td>\n<\/tr>\n<\/tbody>\n<\/table>\n<p><strong><span style=\"text-align: left; color: #333333; text-transform: none; text-indent: 0px; letter-spacing: normal; font-family: Georgia,'Times New Roman','Bitstream Charter',Times,serif; font-size: 16px; font-style: normal; font-variant: normal; text-decoration: none; word-spacing: 0px; display: inline !important; white-space: normal; cursor: text; orphans: 2; float: none; -webkit-text-stroke-width: 0px; background-color: transparent;\">Schwei\u00dftechnik und Herstellerzulassungen<\/span><\/strong><\/p>\n<table style=\"height: 851px;\" width=\"868\">\n<tbody>\n<tr>\n<td width=\"383\"><strong>Dokument<\/strong><\/td>\n<td width=\"243\"><strong>Bereich<\/strong><\/td>\n<td width=\"243\">\u00a0<\/td>\n<\/tr>\n<tr>\n<td width=\"383\"><strong>DIN EN ISO 3834-2 f\u00fcr Druckger\u00e4te &amp;\u00a0 Rohrleitungsbau \u00a0 \u00a0 \u00a0 \u00a0 \u00a0 \u00a0 \u00a0 \u00a0 \u00a0 \u00a0 \u00a0 \u00a0 \u00a0 \u00a0 \u00a0 \u00a0 \u00a0 \u00a0 \u00a0<\/strong><\/td>\n<td width=\"243\">Qualit\u00e4tsanforderungen f\u00fcr das Schmelzschwei\u00dfen von metallischen Werkstoffen<\/td>\n<td width=\"&quot;243u\">\u00a0<\/td>\n<\/tr>\n<tr>\n<td width=\"383\"><strong>DIN EN ISO 3834-3 f\u00fcr Stahltragwerke<\/strong><\/td>\n<td width=\"264\">Qualit\u00e4tsanforderungen f\u00fcr das Schmelzschwei\u00dfen von metallischen Werkstoffen.<\/td>\n<td width=\"318\">\u00a0<\/td>\n<\/tr>\n<tr>\n<td width=\"383\"><strong>DIN 2303 Q1 BK2<\/strong>\n<p>\u00a0<\/p>\n<p>(Mit der Berechtigung Produkte aus der Klasse Q2 zu Fertigen)<\/p>\n<\/td>\n<td width=\"264\">Schwei\u00dfen und verwandte Prozesse Qualit\u00e4tsanforderungen an Herstell- und Instandsetzungsbetriebe f\u00fcr wehrtechnische Produkte.<\/td>\n<td width=\"318\">\u00a0<\/td>\n<\/tr>\n<tr>\n<td width=\"383\"><strong>EN 1090-1 EXC2<\/strong><\/td>\n<td width=\"264\">Tragende Bauteile und Baus\u00e4tze f\u00fcr Stahltragwerke.\n<p>\u00a0<\/p>\n<p>Ausf\u00fchrungsklassen EXC2<\/p>\n<\/td>\n<td width=\"318\">\u00a0<\/td>\n<\/tr>\n<tr>\n<td width=\"383\"><strong>AD 2000-Merkblatt HP0<\/strong><\/td>\n<td width=\"264\">Zulassen als Hersteller von Druckger\u00e4ten und Rohrleitungen nach dem Regelwerk\n<p>\u00a0<\/p>\n<p>AD 2000-Merkblatt HP0<\/p>\n<\/td>\n<td width=\"318\">\u00a0<\/td>\n<\/tr>\n<tr>\n<td width=\"383\"><strong>EN 13445-4<\/strong><\/td>\n<td width=\"264\">Zulassung als Hersteller von unbefeuerten Druckbeh\u00e4ltern nach dem Regelwerk EN 13445-4<\/td>\n<td width=\"318\">\u00a0<\/td>\n<\/tr>\n<tr>\n<td width=\"383\"><strong>DIN EN 15085-2 CL2<\/strong><\/td>\n<td width=\"264\">Zulassung als Hersteller zum Schwei\u00dfen von Schienenfahrzeugen und -fahrzeugteilen<\/td>\n<td width=\"318\">\u00a0<\/td>\n<\/tr>\n<\/tbody>\n<\/table>\n<\/div><\/div>\n","protected":false},"excerpt":{"rendered":"<p>Zertifikate Folgende Zertifikate werden von uns aktuell gehalten. Wir k\u00f6nnen Ihnen gerne bei Bedarf eine Kopie der Original-Zertifikate zur Verf\u00fcgung stellen. Qualit\u00e4tsmanagement\u00a0 Dokument Bereich \u00a0 Zertifikat &#8211; ISO 9001:2015 Qualit\u00e4tsmanagement \u00a0 Schwei\u00dftechnik und Herstellerzulassungen Dokument Bereich \u00a0 DIN EN ISO 3834-2 f\u00fcr Druckger\u00e4te &amp;\u00a0 Rohrleitungsbau \u00a0 \u00a0 \u00a0 \u00a0 \u00a0 \u00a0 \u00a0 \u00a0 \u00a0 \u00a0 [&hellip;]<\/p>\n","protected":false},"author":2,"featured_media":0,"parent":0,"menu_order":0,"comment_status":"closed","ping_status":"closed","template":"","meta":[],"_links":{"self":[{"href":"https:\/\/www.wkroglowski.de\/index.php?rest_route=\/wp\/v2\/pages\/272"}],"collection":[{"href":"https:\/\/www.wkroglowski.de\/index.php?rest_route=\/wp\/v2\/pages"}],"about":[{"href":"https:\/\/www.wkroglowski.de\/index.php?rest_route=\/wp\/v2\/types\/page"}],"author":[{"embeddable":true,"href":"https:\/\/www.wkroglowski.de\/index.php?rest_route=\/wp\/v2\/users\/2"}],"replies":[{"embeddable":true,"href":"https:\/\/www.wkroglowski.de\/index.php?rest_route=%2Fwp%2Fv2%2Fcomments&post=272"}],"version-history":[{"count":20,"href":"https:\/\/www.wkroglowski.de\/index.php?rest_route=\/wp\/v2\/pages\/272\/revisions"}],"predecessor-version":[{"id":934,"href":"https:\/\/www.wkroglowski.de\/index.php?rest_route=\/wp\/v2\/pages\/272\/revisions\/934"}],"wp:attachment":[{"href":"https:\/\/www.wkroglowski.de\/index.php?rest_route=%2Fwp%2Fv2%2Fmedia&parent=272"}],"curies":[{"name":"wp","href":"https:\/\/api.w.org\/{rel}","templated":true}]}}