{"id":390,"date":"2018-07-03T12:18:56","date_gmt":"2018-07-03T10:18:56","guid":{"rendered":"http:\/\/www.wkroglowski.de\/wp\/?page_id=390"},"modified":"2022-11-10T10:13:54","modified_gmt":"2022-11-10T09:13:54","slug":"ueber-wkroglowski","status":"publish","type":"page","link":"https:\/\/www.wkroglowski.de\/?page_id=390","title":{"rendered":"\u00dcber Uns"},"content":{"rendered":"<table style=\"height: 383px;\" width=\"697\">\n<tbody>\n<tr>\n<td width=\"604\">\n<h4><strong>Ein <\/strong><span style=\"color: #000000;\"><strong><span style=\"color: #cc0400;\">herzliches Willkommen<\/span> w\u00fcnscht Ihnen das WKroglowski Team!<\/strong><\/span><\/h4>\n<p><strong>Gesch\u00e4ftsf\u00fchrung<\/strong>:<\/p>\n<p>Stefan Pollisch &amp; Maike Kroglowski<\/p>\n<p><strong>Managementteam:<\/strong><\/p>\n<p><span style=\"text-align: left; text-transform: none; text-indent: 0px; letter-spacing: normal; font-family: Georgia,'Times New Roman','Bitstream Charter',Times,serif; font-size: 16px; font-style: normal; font-variant: normal; font-weight: 400; text-decoration: none; word-spacing: 0px; display: inline !important; white-space: normal; cursor: text; orphans: 2; float: none; -webkit-text-stroke-width: 0px; background-color: transparent;\">E.Wilke &#8211; Technischer Betriebsleiter<\/span><\/p>\n<p><span style=\"text-align: left; text-transform: none; text-indent: 0px; letter-spacing: normal; font-family: Georgia,'Times New Roman','Bitstream Charter',Times,serif; font-size: 16px; font-style: normal; font-variant: normal; font-weight: 400; text-decoration: none; word-spacing: 0px; display: inline !important; white-space: normal; cursor: text; orphans: 2; float: none; -webkit-text-stroke-width: 0px; background-color: transparent;\">L. Schwanebeck<br \/>\n<\/span><\/p>\n<p><span style=\"color: #000000;\">\u00a0<\/span><\/td>\n<\/tr>\n<\/tbody>\n<\/table>\n<table>\n<tbody>\n<tr>\n<td width=\"604\"><strong><span style=\"color: #cc0427;\">WKroglowski GmbH &amp; Co. KG\u00a0\u00a0\u00a0\u00a0\u00a0\u00a0\u00a0\u00a0\u00a0<\/span>\u00a0 \u00a0\u00a0\u00a0\u00a0\u00a0\u00a0\u00a0\u00a0\u00a0\u00a0\u00a0\u00a0\u00a0\u00a0\u00a0\u00a0\u00a0\u00a0\u00a0\u00a0\u00a0\u00a0\u00a0\u00a0\u00a0\u00a0\u00a0\u00a0\u00a0\u00a0\u00a0\u00a0\u00a0\u00a0\u00a0\u00a0\u00a0\u00a0\u00a0\u00a0\u00a0\u00a0\u00a0\u00a0\u00a0<\/strong><\/p>\n<p><strong>\u00dcber uns\u00a0\u00a0\u00a0\u00a0\u00a0\u00a0\u00a0\u00a0\u00a0\u00a0\u00a0\u00a0\u00a0\u00a0\u00a0\u00a0\u00a0\u00a0\u00a0\u00a0\u00a0 \u00a0\u00a0\u00a0\u00a0\u00a0\u00a0\u00a0\u00a0\u00a0\u00a0\u00a0\u00a0\u00a0\u00a0\u00a0\u00a0\u00a0\u00a0\u00a0\u00a0\u00a0\u00a0\u00a0\u00a0\u00a0\u00a0\u00a0\u00a0\u00a0\u00a0\u00a0\u00a0\u00a0\u00a0\u00a0\u00a0\u00a0\u00a0\u00a0\u00a0\u00a0\u00a0\u00a0\u00a0\u00a0\u00a0\u00a0\u00a0\u00a0\u00a0\u00a0\u00a0\u00a0\u00a0\u00a0\u00a0\u00a0\u00a0\u00a0\u00a0\u00a0\u00a0\u00a0\u00a0\u00a0\u00a0\u00a0\u00a0\u00a0\u00a0\u00a0\u00a0\u00a0\u00a0\u00a0\u00a0\u00a0\u00a0\u00a0\u00a0\u00a0\u00a0\u00a0\u00a0\u00a0\u00a0\u00a0\u00a0\u00a0\u00a0\u00a0\u00a0\u00a0\u00a0\u00a0\u00a0\u00a0\u00a0\u00a0\u00a0<\/strong><\/p>\n<p>F\u00fcr unsere Kunden aus dem Bereich Norddeutschland sind wir die erste Adresse im Bereich des Edelstahl- und Anlagenbaus. Unsere Kompetenz und unser vielf\u00e4ltiger Maschinenpark, erm\u00f6glichen es uns, dem Kunden so gut wie \u201eAlles\u201c aus einer Hand zu liefern. F\u00fcr das Team der Fa. Kroglowski steht ein zufriedener Kunde an erster Stelle. Daher tun wir alles, um allen Aspekten der Qualit\u00e4t gerecht zu werden und somit eine Basis f\u00fcr eine langfristige Kunden-\/Lieferantenbeziehung zu schaffen. Im Rahmen des kontinuierlichen Verbesserungsprozesses, legen wir ein besonderes Augenmerk auf eine st\u00e4ndige Verbesserung der Qualit\u00e4t. Wir sind stets daran interessiert, das richtige Produkt zum richtigen Zeitpunkt in gew\u00fcnschter Menge bei einer hohen Kosteneffizienz an den richtigen Ort zu liefern.<br \/>\nAuf unserer Internetpr\u00e4senz erhalten Sie einen ersten Eindruck \u00fcber unser Unternehmen. Sollten Sie Fragen bzgl. unserer Fertigungsm\u00f6glichkeiten haben, bitten wir Sie einfach mit uns via E-Mail oder Telefon in Kontakt zu treten.<\/td>\n<\/tr>\n<tr>\n<td width=\"604\"><strong><span style=\"color: #cc0427;\">Unsere Mitarbeiter \u00a0 \u00a0 \u00a0<\/span> \u00a0 \u00a0 \u00a0 \u00a0 \u00a0 \u00a0 \u00a0 \u00a0 \u00a0 \u00a0 \u00a0 \u00a0 \u00a0 \u00a0 \u00a0 \u00a0 \u00a0 \u00a0 \u00a0 \u00a0 \u00a0 \u00a0 \u00a0 \u00a0 \u00a0 \u00a0 \u00a0 \u00a0 \u00a0 \u00a0 \u00a0 \u00a0 \u00a0 \u00a0 \u00a0 \u00a0 \u00a0 \u00a0 \u00a0 \u00a0 \u00a0 \u00a0 \u00a0 \u00a0 \u00a0 \u00a0 \u00a0 \u00a0 \u00a0 \u00a0 <\/strong><\/p>\n<p><strong>Mitarbeiter &#8211; Langfristig binden<\/strong><\/p>\n<p>Wir st\u00e4rken kontinuierlich die Kompetenzen und Kommunikationsf\u00e4higkeiten unserer Mitarbeiter, beg\u00fcnstigen ihr Engagement und sorgen f\u00fcr ein sicheres Arbeitsumfeld, sodass jeder zum Erfolg beitragen kann. Wir beziehen unsere Mitarbeiter mit ein, f\u00f6rdern sie und erkennen den Beitrag eines jeden Einzelnen an.<\/p>\n<p><strong>Vielfalt im Fokus<\/strong><\/p>\n<p>Unser Ziel beschreibt sich in der Aussage \u201eGemeinsam arbeiten \u2013 gemeinsam wachsen\u201c. Unser Vorsatz ist es, eine Arbeitskultur zu schaffen, die jeden einzelnen mit einbezieht. Unsere Mitarbeiter sind Botschafter unseres Handelns! Unser Fokus ist es Diskriminierungen zu vermeiden und die Vielfalt bei unseren Mitarbeitern zu f\u00f6rdern.<\/td>\n<\/tr>\n<tr>\n<td width=\"604\"><strong><span style=\"color: #cc0400;\">Unternehmerische Verantwortung<\/span><\/strong><\/p>\n<p><strong>Umweltmanagement<\/strong><\/p>\n<p>Die WKroglowski GmbH &amp; Co KG verwendet umweltfreundliche Produkte und nutzt die eingesetzten Materialien so effizient wie m\u00f6glich.<\/p>\n<p>Hierzu geh\u00f6rt auch die vorgeschriebene Entsorgung.<\/p>\n<p><strong>Regionale Partner und Lieferanten<\/strong><\/p>\n<p>F\u00fcr die Beschaffung ben\u00f6tigter Produkte und Dienstleistungen hat die W. Kroglowski GmbH &amp; Co KG ein zuverl\u00e4ssiges und partnerschaftliches Netzwerk an Lieferanten aufgebaut. Mit dem Hinblick auf die Umwelt und der Reduzierung der Fahrwege, fokussiert sich die W. Kroglowski GmbH insbesondere auf die Zusammenarbeit mit regionalen Lieferanten.<\/p>\n<p><strong>Innovative und effiziente L\u00f6sungen<\/strong><\/p>\n<p>Im Rahmen des kontinuierlichen Verbesserungsprozesses liegt unser besonderes Augenmerk auf der st\u00e4ndigen Verbesserung der Qualit\u00e4t unserer Prozesse und Leistungen. Unsere Aufmerksamkeit haben wir dabei auf die Aspekte der Minimierung von Durchlaufzeiten, der materialflussgerechten Ausrichtung der Maschinen sowie der ausreichenden r\u00e4umlichen Kapazit\u00e4t f\u00fcr Pufferlager und Fahrwege gelegt.<\/p>\n<p><strong>Wachstum und Standortsicherung<\/strong><\/p>\n<p>Die unternehmerische Verantwortung ist ein wichtiger Bestandteil bei der WKroglowski GmbH &amp; Co. KG. Sie wirkt sich auf unsere langfristige Strategie und unsere F\u00e4higkeit aus, Kunden zu \u00fcberzeugen und zu begeistern. Durch fortlaufende Investitionen in Maschinen, Anbauten und Mitarbeiter ist eine langfristige Standortsicherung gew\u00e4hrleistet.<\/td>\n<\/tr>\n<\/tbody>\n<\/table>\n","protected":false},"excerpt":{"rendered":"<p>Ein herzliches Willkommen w\u00fcnscht Ihnen das WKroglowski Team! Gesch\u00e4ftsf\u00fchrung: Stefan Pollisch &amp; Maike Kroglowski Managementteam: E.Wilke &#8211; Technischer Betriebsleiter L. Schwanebeck \u00a0 WKroglowski GmbH &amp; Co. KG\u00a0\u00a0\u00a0\u00a0\u00a0\u00a0\u00a0\u00a0\u00a0\u00a0 \u00a0\u00a0\u00a0\u00a0\u00a0\u00a0\u00a0\u00a0\u00a0\u00a0\u00a0\u00a0\u00a0\u00a0\u00a0\u00a0\u00a0\u00a0\u00a0\u00a0\u00a0\u00a0\u00a0\u00a0\u00a0\u00a0\u00a0\u00a0\u00a0\u00a0\u00a0\u00a0\u00a0\u00a0\u00a0\u00a0\u00a0\u00a0\u00a0\u00a0\u00a0\u00a0\u00a0\u00a0\u00a0 \u00dcber uns\u00a0\u00a0\u00a0\u00a0\u00a0\u00a0\u00a0\u00a0\u00a0\u00a0\u00a0\u00a0\u00a0\u00a0\u00a0\u00a0\u00a0\u00a0\u00a0\u00a0\u00a0 \u00a0\u00a0\u00a0\u00a0\u00a0\u00a0\u00a0\u00a0\u00a0\u00a0\u00a0\u00a0\u00a0\u00a0\u00a0\u00a0\u00a0\u00a0\u00a0\u00a0\u00a0\u00a0\u00a0\u00a0\u00a0\u00a0\u00a0\u00a0\u00a0\u00a0\u00a0\u00a0\u00a0\u00a0\u00a0\u00a0\u00a0\u00a0\u00a0\u00a0\u00a0\u00a0\u00a0\u00a0\u00a0\u00a0\u00a0\u00a0\u00a0\u00a0\u00a0\u00a0\u00a0\u00a0\u00a0\u00a0\u00a0\u00a0\u00a0\u00a0\u00a0\u00a0\u00a0\u00a0\u00a0\u00a0\u00a0\u00a0\u00a0\u00a0\u00a0\u00a0\u00a0\u00a0\u00a0\u00a0\u00a0\u00a0\u00a0\u00a0\u00a0\u00a0\u00a0\u00a0\u00a0\u00a0\u00a0\u00a0\u00a0\u00a0\u00a0\u00a0\u00a0\u00a0\u00a0\u00a0\u00a0\u00a0\u00a0\u00a0 F\u00fcr unsere Kunden aus dem Bereich Norddeutschland sind wir die erste Adresse im Bereich des Edelstahl- und Anlagenbaus. Unsere Kompetenz und unser vielf\u00e4ltiger Maschinenpark, [&hellip;]<\/p>\n","protected":false},"author":2,"featured_media":0,"parent":0,"menu_order":0,"comment_status":"closed","ping_status":"closed","template":"pages\/compact.php","meta":[],"_links":{"self":[{"href":"https:\/\/www.wkroglowski.de\/index.php?rest_route=\/wp\/v2\/pages\/390"}],"collection":[{"href":"https:\/\/www.wkroglowski.de\/index.php?rest_route=\/wp\/v2\/pages"}],"about":[{"href":"https:\/\/www.wkroglowski.de\/index.php?rest_route=\/wp\/v2\/types\/page"}],"author":[{"embeddable":true,"href":"https:\/\/www.wkroglowski.de\/index.php?rest_route=\/wp\/v2\/users\/2"}],"replies":[{"embeddable":true,"href":"https:\/\/www.wkroglowski.de\/index.php?rest_route=%2Fwp%2Fv2%2Fcomments&post=390"}],"version-history":[{"count":36,"href":"https:\/\/www.wkroglowski.de\/index.php?rest_route=\/wp\/v2\/pages\/390\/revisions"}],"predecessor-version":[{"id":908,"href":"https:\/\/www.wkroglowski.de\/index.php?rest_route=\/wp\/v2\/pages\/390\/revisions\/908"}],"wp:attachment":[{"href":"https:\/\/www.wkroglowski.de\/index.php?rest_route=%2Fwp%2Fv2%2Fmedia&parent=390"}],"curies":[{"name":"wp","href":"https:\/\/api.w.org\/{rel}","templated":true}]}}