{"id":516,"date":"2018-07-04T09:51:30","date_gmt":"2018-07-04T07:51:30","guid":{"rendered":"http:\/\/www.wkroglowski.de\/wp\/?page_id=516"},"modified":"2023-01-31T22:18:46","modified_gmt":"2023-01-31T21:18:46","slug":"maschinenpark-2","status":"publish","type":"page","link":"https:\/\/www.wkroglowski.de\/?page_id=516","title":{"rendered":"Maschinenpark"},"content":{"rendered":"<p><strong><u>Laserschneiden<\/u><\/strong><\/p>\n<table width=\"631\">\n<tbody>\n<tr>\n<td width=\"101\"><strong>Maschine<\/strong><\/td>\n<td width=\"91\"><strong>Leistung [W]<\/strong><\/td>\n<td width=\"168\"><strong>Material<\/strong><\/td>\n<td width=\"120\"><strong>Arbeitsbereich [mm]<\/strong><\/td>\n<td width=\"151\"><strong>max. Blechdicke [mm]<\/strong><\/td>\n<\/tr>\n<tr>\n<td width=\"101\">Balliu LM 1500PS<\/td>\n<td width=\"91\">3000<\/td>\n<td width=\"168\">Stahl, Edelstahl, Aluminium<\/td>\n<td width=\"120\">3000&#215;1500<\/td>\n<td width=\"151\">Stahl: 25<\/p>\n<p>Edelstahl: 15<\/p>\n<p>Aluminium: 6<\/td>\n<\/tr>\n<tr>\n<td width=\"101\">Balliu CF 1500PS<\/td>\n<td width=\"91\">3500<\/td>\n<td width=\"168\">Stahl, Edelstahl, Aluminium<\/td>\n<td width=\"120\">3000&#215;1500<\/td>\n<td width=\"151\">Stahl: 25<\/p>\n<p>Edelstahl: 15<\/p>\n<p>Aluminium: 6<\/td>\n<\/tr>\n<\/tbody>\n<\/table>\n<p>Toleranz nach DIN EN ISO 9013-1<\/p>\n<p><strong><u>CNC-Stanzen<\/u><\/strong><\/p>\n<table width=\"635\">\n<tbody>\n<tr>\n<td width=\"101\"><strong>Maschine<\/strong><\/td>\n<td width=\"99\"><strong>Stanzkraft [kN]<\/strong><\/td>\n<td width=\"133\"><strong>Arbeitsbereich [mm]<\/strong><\/td>\n<td width=\"133\"><strong>max. Blechdicke [mm]<\/strong><\/td>\n<td width=\"169\"><strong>Positionsabweichung [mm]<\/strong><\/td>\n<\/tr>\n<tr>\n<td width=\"101\">TruPunch 3000<\/td>\n<td width=\"99\">180<\/td>\n<td width=\"133\">3070&#215;1660<\/td>\n<td width=\"133\">6,4<\/td>\n<td width=\"169\">+-0,1<\/td>\n<\/tr>\n<\/tbody>\n<\/table>\n<p><strong><u>Biegen<\/u><\/strong><\/p>\n<p><u>CNC-Gesenkbiegepressen<\/u><\/p>\n<table width=\"648\">\n<tbody>\n<tr>\n<td width=\"149\"><strong>Maschine<\/strong><\/td>\n<td width=\"146\"><strong>max. Presskraft [kN]<\/strong><\/td>\n<td width=\"230\"><strong>Arbeitsl\u00e4nge [mm]<\/strong><\/td>\n<td width=\"124\"><strong>max. Hub [mm]<\/strong><\/td>\n<\/tr>\n<tr>\n<td width=\"149\">E-Presse 80&#215;2050<\/td>\n<td width=\"146\">800<\/td>\n<td width=\"230\">2050<\/td>\n<td width=\"124\">150<\/td>\n<\/tr>\n<tr>\n<td width=\"149\">HB 130-20\/25<\/td>\n<td width=\"146\">1300<\/td>\n<td width=\"230\">2550 (lichte St\u00e4nderweite 2050)<\/td>\n<td width=\"124\">410<\/td>\n<\/tr>\n<tr>\n<td width=\"149\">HB 130 -25\/30<\/td>\n<td width=\"146\">1300<\/td>\n<td width=\"230\">3050 (lichte St\u00e4nderweite 2550)<\/td>\n<td width=\"124\">410<\/td>\n<\/tr>\n<tr>\n<td width=\"149\">HB 175-30\/35<\/td>\n<td width=\"146\">1750<\/td>\n<td width=\"230\">3550 (lichte St\u00e4nderweite 3050)<\/td>\n<td width=\"124\">410<\/td>\n<\/tr>\n<\/tbody>\n<\/table>\n<p><u>NC-Dornbiegemaschine<\/u><\/p>\n<table width=\"655\">\n<tbody>\n<tr>\n<td width=\"124\"><strong>Maschine<\/strong><\/td>\n<td width=\"150\"><strong>Biegeleistung<\/strong><\/td>\n<td width=\"245\"><strong>max Profill\u00e4nge [mm]<\/strong><\/td>\n<td width=\"136\"><strong>max. Wandst\u00e4rke bis 260N\/mm\u00b2\u00a0\u00a0 [mm]<\/strong><\/td>\n<\/tr>\n<tr>\n<td width=\"124\">Jutec Dornbieger 5000<\/td>\n<td width=\"150\">Rohre \u00d8 6-50mm<\/td>\n<td width=\"245\">6000 mm<\/td>\n<td width=\"136\">3<\/td>\n<\/tr>\n<\/tbody>\n<\/table>\n<p><u>CNC-Profilbiegemaschine<\/u><\/p>\n<table width=\"656\">\n<tbody>\n<tr>\n<td width=\"89\"><strong>Maschine<\/strong><\/td>\n<td width=\"124\"><strong>max. Biegekraft\u00a0 [ kN]<\/strong><\/td>\n<td width=\"186\"><strong>max. Drehmoment je Rolle [Nm]<\/strong><\/td>\n<td width=\"169\"><strong>Werkzeugaufnahme [mm]<\/strong><\/td>\n<td width=\"88\"><strong>Hub [mm]<\/strong><\/td>\n<\/tr>\n<tr>\n<td width=\"89\">Indumasch Arkus 12<\/td>\n<td width=\"124\">120<\/td>\n<td width=\"186\">500<\/td>\n<td width=\"169\">\u00d8 40<\/td>\n<td width=\"88\">200<\/td>\n<\/tr>\n<tr>\n<td width=\"89\">Indumasch PET25<\/td>\n<td width=\"124\">270<\/td>\n<td width=\"186\">1600<\/td>\n<td width=\"169\">\u00d8 105<\/td>\n<td width=\"88\">265<\/td>\n<\/tr>\n<\/tbody>\n<\/table>\n<p><u>NC-Blechwalzen<\/u><\/p>\n<table width=\"654\">\n<tbody>\n<tr>\n<td width=\"120\"><strong>Maschine<\/strong><\/td>\n<td width=\"74\"><strong>Anzahl Walzen<\/strong><\/td>\n<td width=\"166\"><strong>Walzendurchmesser [mm]<\/strong><\/td>\n<td width=\"120\"><strong>Walzenl\u00e4nge [mm]<\/strong><\/td>\n<td width=\"174\"><strong>max. Blechst\u00e4rke [mm] <\/strong><\/td>\n<\/tr>\n<tr>\n<td width=\"120\">4 HEL Faccin<\/td>\n<td width=\"74\">4<\/td>\n<td width=\"166\">Oberwalze: 220<\/p>\n<p>Unterwalze: 210<\/p>\n<p>Seitenwalze: 165<\/td>\n<td width=\"120\">2025<\/td>\n<td width=\"174\">bis 260N\/mm\u00b2 : 11<\/p>\n<p>bis 360N\/mm\u00b2: 9<\/p>\n<p>bei halber Walzenl\u00e4nge bis 260N\/mm\u00b2: 13<\/td>\n<\/tr>\n<\/tbody>\n<\/table>\n<p><u>Konventionelle-Blechwalzen<\/u><\/p>\n<table width=\"654\">\n<tbody>\n<tr>\n<td width=\"120\"><strong>Maschine<\/strong><\/td>\n<td width=\"74\"><strong>Anzahl Walzen<\/strong><\/td>\n<td width=\"166\"><strong>Walzendurchmesser [mm]<\/strong><\/td>\n<td width=\"120\"><strong>Walzenl\u00e4nge [mm]<\/strong><\/td>\n<td width=\"174\"><strong>max. Blechst\u00e4rke bis 400N\/mm\u00b2 [mm]<\/strong><\/td>\n<\/tr>\n<tr>\n<td width=\"120\">Fasti 8216008<\/td>\n<td width=\"74\">3<\/td>\n<td width=\"166\">Oberwalze:118<\/p>\n<p>Unterwalze:118<\/p>\n<p>Seitenwalze: 118<\/td>\n<td width=\"120\">1520<\/td>\n<td width=\"174\">3,5<\/td>\n<\/tr>\n<tr>\n<td width=\"120\">Fasti\u00a0 02134005<\/td>\n<td width=\"74\">3<\/td>\n<td width=\"166\">Oberwalze: 65<\/p>\n<p>Unterwalze: 90<\/p>\n<p>Seitenwalze: 90<\/td>\n<td width=\"120\">1040<\/td>\n<td width=\"174\">1,5<\/td>\n<\/tr>\n<\/tbody>\n<\/table>\n<p><strong><u>Fr\u00e4s- und Drehzentren<\/u><\/strong><\/p>\n<p><u>CNC Fr\u00e4s-Bearbeitungzentren <\/u><\/p>\n<table width=\"641\">\n<tbody>\n<tr>\n<td width=\"174\"><strong>Maschinen<\/strong><\/td>\n<td width=\"83\"><strong>max. X <\/strong><\/td>\n<td width=\"49\"><strong>max. Y <\/strong><\/td>\n<td width=\"46\"><strong>max. Z <\/strong><\/td>\n<td width=\"122\"><strong>max. H. v. Schraubstock<\/strong><\/td>\n<td width=\"168\"><strong>max. Spindeldurchmesser<\/strong><\/td>\n<\/tr>\n<tr>\n<td width=\"174\"><\/td>\n<td width=\"83\"><\/td>\n<td width=\"49\"><\/td>\n<td width=\"46\"><\/td>\n<td width=\"122\"><\/td>\n<td width=\"168\"><\/td>\n<\/tr>\n<tr>\n<td width=\"174\">Hurco VMX 60t<\/td>\n<td width=\"83\">1524<\/td>\n<td width=\"49\">661<\/td>\n<td width=\"46\">650<\/td>\n<td width=\"122\"><\/td>\n<td width=\"168\"><\/td>\n<\/tr>\n<tr>\n<td width=\"174\"><\/td>\n<td width=\"83\"><\/td>\n<td width=\"49\"><\/td>\n<td width=\"46\"><\/td>\n<td width=\"122\"><\/td>\n<td width=\"168\"><\/td>\n<\/tr>\n<tr>\n<td width=\"174\">Hurco VMX 42t<\/td>\n<td width=\"83\">1067<\/td>\n<td width=\"49\">610<\/td>\n<td width=\"46\">650<\/td>\n<td width=\"122\"><\/td>\n<td width=\"168\"><\/td>\n<\/tr>\n<tr>\n<td width=\"174\"><\/td>\n<td width=\"83\"><\/td>\n<td width=\"49\"><\/td>\n<td width=\"46\"><\/td>\n<td width=\"122\"><\/td>\n<td width=\"168\"><\/td>\n<\/tr>\n<tr>\n<td width=\"174\">Hurco VMX 42 HSRTi<\/td>\n<td width=\"83\">600<\/td>\n<td width=\"49\">400<\/td>\n<td width=\"46\">414<\/td>\n<td width=\"122\">206<\/td>\n<td width=\"168\"><\/td>\n<\/tr>\n<tr>\n<td width=\"174\"><\/td>\n<td width=\"83\"><\/td>\n<td width=\"49\"><\/td>\n<td width=\"46\"><\/td>\n<td width=\"122\"><\/td>\n<td width=\"168\"><\/td>\n<\/tr>\n<tr>\n<td width=\"174\">MAHO MH 600 W<\/td>\n<td width=\"83\">600<\/td>\n<td width=\"49\">400<\/td>\n<td width=\"46\">450<\/td>\n<td width=\"122\"><\/td>\n<td width=\"168\"><\/td>\n<\/tr>\n<\/tbody>\n<\/table>\n<p><u>CNC Drehen \/ Fr\u00e4sen Bearbeitungszentren<\/u><\/p>\n<table width=\"641\">\n<tbody>\n<tr>\n<td width=\"174\"><strong>Maschinen <\/strong><\/td>\n<td width=\"83\"><strong>max. X <\/strong><\/td>\n<td width=\"49\"><strong>max. Y <\/strong><\/td>\n<td width=\"46\"><strong>max. Z <\/strong><\/td>\n<td width=\"122\"><strong>max. H. v. Schraubstock<\/strong><\/td>\n<td width=\"168\"><strong>max. Spindeldurchmesser<\/strong><\/td>\n<\/tr>\n<tr>\n<td width=\"174\"><\/td>\n<td width=\"83\"><\/td>\n<td width=\"49\"><\/td>\n<td width=\"46\"><\/td>\n<td width=\"122\"><\/td>\n<td width=\"168\"><\/td>\n<\/tr>\n<tr>\n<td width=\"174\">Spinner 840D SL<\/td>\n<td width=\"83\">600<\/td>\n<td width=\"49\">400<\/td>\n<td width=\"46\">1000<\/td>\n<td width=\"122\"><\/td>\n<td width=\"168\">120<\/td>\n<\/tr>\n<tr>\n<td width=\"174\"><\/td>\n<td width=\"83\"><\/td>\n<td width=\"49\"><\/td>\n<td width=\"46\"><\/td>\n<td width=\"122\"><\/td>\n<td width=\"168\"><\/td>\n<\/tr>\n<tr>\n<td width=\"174\">DMG Mori CTX beta 500<\/td>\n<td width=\"83\">385<\/td>\n<td width=\"49\">200<\/td>\n<td width=\"46\">367<\/td>\n<td width=\"122\"><\/td>\n<td width=\"168\">60<\/td>\n<\/tr>\n<\/tbody>\n<\/table>\n<p><u>Drehmaschinen<\/u><\/p>\n<table width=\"641\">\n<tbody>\n<tr>\n<td width=\"174\"><strong>Drehmaschinen<\/strong><\/td>\n<td width=\"83\"><strong>max. X <\/strong><\/td>\n<td width=\"49\"><strong>max. Y <\/strong><\/td>\n<td width=\"46\"><strong>max. Z <\/strong><\/td>\n<td width=\"122\"><strong>max. H. v. Schraubstock<\/strong><\/td>\n<td width=\"168\"><strong>max. Spindeldurchmesser<\/strong><\/td>\n<\/tr>\n<tr>\n<td width=\"174\"><\/td>\n<td width=\"83\"><\/td>\n<td width=\"49\"><\/td>\n<td width=\"46\"><\/td>\n<td width=\"122\"><\/td>\n<td width=\"168\"><\/td>\n<\/tr>\n<tr>\n<td width=\"174\">CNC Gildemeister<\/td>\n<td width=\"83\">400<\/td>\n<td width=\"49\"><\/td>\n<td width=\"46\">1000<\/td>\n<td width=\"122\"><\/td>\n<td width=\"168\">70<\/td>\n<\/tr>\n<tr>\n<td width=\"174\"><\/td>\n<td width=\"83\"><\/td>\n<td width=\"49\"><\/td>\n<td width=\"46\"><\/td>\n<td width=\"122\"><\/td>\n<td width=\"168\"><\/td>\n<\/tr>\n<tr>\n<td width=\"174\">Konv. Drehbank<\/td>\n<td width=\"83\">300<\/td>\n<td width=\"49\"><\/td>\n<td width=\"46\">1000<\/td>\n<td width=\"122\"><\/td>\n<td width=\"168\">55<\/td>\n<\/tr>\n<\/tbody>\n<\/table>\n<p><u>Schnellradialbohrmaschine<\/u><\/p>\n<table width=\"635\">\n<tbody>\n<tr>\n<td width=\"151\"><strong>Maschine<\/strong><\/td>\n<td width=\"150\"><strong>max. X [mm]<\/strong><\/td>\n<td width=\"150\"><strong>max Y [mm]<\/strong><\/td>\n<td width=\"184\"><strong>max. Z [mm]<\/strong><\/td>\n<\/tr>\n<tr>\n<td width=\"151\">Donau Vertikalbohrwerk 1<\/td>\n<td width=\"150\">1665<\/td>\n<td width=\"150\">600<\/td>\n<td width=\"184\">500<\/td>\n<\/tr>\n<tr>\n<td width=\"151\">Donau Vertikalbohrwerk 2<\/td>\n<td width=\"150\">1060<\/td>\n<td width=\"150\">510<\/td>\n<td width=\"184\">500<\/td>\n<\/tr>\n<tr>\n<td width=\"151\">Donau Vertikalbohrwerk 3<\/td>\n<td width=\"150\">1060<\/td>\n<td width=\"150\">510<\/td>\n<td width=\"184\">500<\/td>\n<\/tr>\n<\/tbody>\n<\/table>\n<p><strong><u>Hebezeuge<\/u><\/strong><\/p>\n<table width=\"561\">\n<tbody>\n<tr>\n<td width=\"186\"><strong>Hebezeug<\/strong><\/td>\n<td width=\"148\"><strong>Hersteller<\/strong><\/td>\n<td width=\"139\"><strong>max. Tragf\u00e4higkeit [Kg]<\/strong><\/td>\n<td width=\"88\"><strong>Hubh\u00f6he [mm]<\/strong><\/td>\n<\/tr>\n<tr>\n<td width=\"186\">Gabelstapler<\/td>\n<td width=\"148\">Still<\/td>\n<td width=\"139\">1500-3000<\/td>\n<td width=\"88\">7630<\/td>\n<\/tr>\n<tr>\n<td width=\"186\">Gabelstapler<\/td>\n<td width=\"148\">Still<\/td>\n<td width=\"139\">780-1500<\/td>\n<td width=\"88\">6520<\/td>\n<\/tr>\n<tr>\n<td width=\"186\">Gabelstapler<\/td>\n<td width=\"148\">Still<\/td>\n<td width=\"139\">1400-2000<\/td>\n<td width=\"88\">7930<\/td>\n<\/tr>\n<tr>\n<td width=\"186\">Elektro-Hochhubwagen<\/td>\n<td width=\"148\">Jungheinrich<\/td>\n<td width=\"139\">900-1400<\/td>\n<td width=\"88\">2500<\/td>\n<\/tr>\n<tr>\n<td width=\"186\">Elektro-Hochhubwagen<\/td>\n<td width=\"148\">Jungheinrich<\/td>\n<td width=\"139\">850-1250<\/td>\n<td width=\"88\">3600<\/td>\n<\/tr>\n<tr>\n<td width=\"186\">Br\u00fcckenkran 1<\/td>\n<td width=\"148\"><\/td>\n<td width=\"139\">2500<\/td>\n<td width=\"88\"><\/td>\n<\/tr>\n<tr>\n<td width=\"186\">Br\u00fcckenkran 2<\/td>\n<td width=\"148\"><\/td>\n<td width=\"139\">2500<\/td>\n<td width=\"88\"><\/td>\n<\/tr>\n<tr>\n<td width=\"186\">Br\u00fcckenkran 3<\/td>\n<td width=\"148\"><\/td>\n<td width=\"139\">3200<\/td>\n<td width=\"88\"><\/td>\n<\/tr>\n<tr>\n<td width=\"186\">Br\u00fcckenkran 4<\/td>\n<td width=\"148\"><\/td>\n<td width=\"139\">10000<\/td>\n<td width=\"88\"><\/td>\n<\/tr>\n<tr>\n<td width=\"186\">Br\u00fcckenkran 5<\/td>\n<td width=\"148\"><\/td>\n<td width=\"139\">10000<\/td>\n<td width=\"88\"><\/td>\n<\/tr>\n<tr>\n<td width=\"186\">Hallenkr\u00e4ne<\/td>\n<td width=\"148\"><\/td>\n<td width=\"139\">500<\/td>\n<td width=\"88\"><\/td>\n<\/tr>\n<\/tbody>\n<\/table>\n<p><strong><u>Logistik<\/u><\/strong><\/p>\n<table width=\"601\">\n<tbody>\n<tr>\n<td width=\"147\"><strong>Fahrzeug<\/strong><\/td>\n<td width=\"138\"><strong>max. Zuladung [t]<\/strong><\/td>\n<td width=\"316\"><strong>Abma\u00dfe Ladefl\u00e4che [mm]<\/strong><\/td>\n<\/tr>\n<tr>\n<td width=\"147\">LKW 7,5t<\/td>\n<td width=\"138\">2,4<\/td>\n<td width=\"316\">7000&#215;2450<\/td>\n<\/tr>\n<tr>\n<td width=\"147\">LKW 3,5t<\/td>\n<td width=\"138\">1,3<\/td>\n<td width=\"316\">3600&#215;2100<\/td>\n<\/tr>\n<\/tbody>\n<\/table>\n<p><strong><u>Schwei\u00dfanlagen<\/u><\/strong><\/p>\n<table width=\"602\">\n<tbody>\n<tr>\n<td width=\"68\"><strong>Anzahl<\/strong><\/td>\n<td width=\"288\"><strong>Hersteller\/Typ<\/strong><\/td>\n<td width=\"127\"><strong>Stromart<\/strong><\/td>\n<td width=\"119\"><strong>Leistung [kVA]\u00a0\u00a0\u00a0\u00a0\u00a0\u00a0\u00a0\u00a0\u00a0\u00a0\u00a0 \u00a0\u00a0 <\/strong><\/td>\n<\/tr>\n<tr>\n<td width=\"68\">1<\/td>\n<td width=\"288\">Kemppi \u2013 FastMig Pulse 450<\/td>\n<td width=\"127\">DC<\/td>\n<td width=\"119\">22,1<\/td>\n<\/tr>\n<tr>\n<td width=\"68\">3<\/td>\n<td width=\"288\">Kemppi \u2013 Pro Mig 530<\/td>\n<td width=\"127\">DC<\/td>\n<td width=\"119\">22<\/td>\n<\/tr>\n<tr>\n<td width=\"68\">5<\/td>\n<td width=\"288\">Kemppi &#8211; Mastertig MLS 3000<\/td>\n<td width=\"127\"><\/td>\n<td width=\"119\">6,6<\/td>\n<\/tr>\n<tr>\n<td width=\"68\">4<\/td>\n<td width=\"288\">Kemppi \u2013 AC\/DC 2500W<\/td>\n<td width=\"127\">AC\/DC<\/td>\n<td width=\"119\">5<\/td>\n<\/tr>\n<tr>\n<td width=\"68\">1<\/td>\n<td width=\"288\">Rehm \u2013 INVERTIG.PRO COMPACT 280 AC\/DC<\/td>\n<td width=\"127\">AC\/DC<\/td>\n<td width=\"119\">8,1<\/td>\n<\/tr>\n<tr>\n<td width=\"68\">1<\/td>\n<td width=\"288\">Rehm \u2013 INVERTIG.PRO COMPACT 280 AC\/DC digital<\/td>\n<td width=\"127\">AC\/DC<\/td>\n<td width=\"119\">8,1<\/td>\n<\/tr>\n<tr>\n<td width=\"68\">1<\/td>\n<td width=\"288\">Rehm \u2013 INVERTIG 260 AC\/DC<\/td>\n<td width=\"127\">AC\/DC<\/td>\n<td width=\"119\">9,1<\/td>\n<\/tr>\n<tr>\n<td width=\"68\">1<\/td>\n<td width=\"288\">Rehm \u2013 INVERTIG 330 AC\/DC<\/td>\n<td width=\"127\">AC\/DC<\/td>\n<td width=\"119\">11,9<\/td>\n<\/tr>\n<tr>\n<td width=\"68\">2<\/td>\n<td width=\"288\">EWM \u2013 Phoenix 505 puls TDM<\/td>\n<td width=\"127\">DC<\/td>\n<td width=\"119\">35<\/td>\n<\/tr>\n<tr>\n<td width=\"68\">3<\/td>\n<td width=\"288\">EWM \u2013 Phoenix 451 puls FDW<\/td>\n<td width=\"127\">DC<\/td>\n<td width=\"119\">29,1<\/td>\n<\/tr>\n<\/tbody>\n<\/table>\n<p>Wir arbeiten in der Schwei\u00dferei mit 3D-Spanntischen, Drehvorrichtungen und Rohrdrehvorrichtungen (max. \u00d8 4000mm).<\/p>\n<p><strong><u>Beizen:<\/u><\/strong><\/p>\n<p>Waschhalle mit Br\u00fcckenkran (Tragf\u00e4higkeit 2500 Kg) zum Spr\u00fchbeizen und Sp\u00fclen von Edelstahlkonstruktionen.<\/p>\n<p>&#8211;\u00a0\u00a0\u00a0\u00a0\u00a0\u00a0 Beizbecken (Abmessung 1450x740x500mm)<\/p>\n<p><strong><u>S\u00e4gen:<\/u><\/strong><\/p>\n<p>&#8211;\u00a0\u00a0\u00a0\u00a0\u00a0\u00a0 Rund\/Rohr bis max. \u00d8 320 mm<\/p>\n<p>&#8211;\u00a0\u00a0\u00a0\u00a0\u00a0\u00a0 Profil bis max. 350&#215;450 mm<\/p>\n<p><strong><u>Schleifen:<\/u><\/strong><\/p>\n<p>&#8211;\u00a0\u00a0\u00a0\u00a0\u00a0\u00a0 Bandschleifmaschine bis max. 3000x3000mm<\/p>\n<p>&#8211;\u00a0\u00a0\u00a0\u00a0\u00a0\u00a0 Glasperlenstrahlen f\u00fcr Edelstahl<\/p>\n<p>&#8211;\u00a0\u00a0\u00a0\u00a0\u00a0\u00a0 diverse druckluftbetrieben Handschleifger\u00e4te<\/p>\n<p>&#8211;\u00a0\u00a0\u00a0\u00a0\u00a0\u00a0 Poliertisch und -bock<\/p>\n<p>&#8211;\u00a0\u00a0\u00a0\u00a0\u00a0\u00a0 Gleitschleifverfahren f\u00fcr Edelstahl-Kleinteile<\/p>\n<p><strong><u>Montage<\/u><\/strong>;<\/p>\n<p>Titgemeyer LSC 6010 Hydraulische Einpres<\/p>\n","protected":false},"excerpt":{"rendered":"<p>Laserschneiden Maschine Leistung [W] Material Arbeitsbereich [mm] max. Blechdicke [mm] Balliu LM 1500PS 3000 Stahl, Edelstahl, Aluminium 3000&#215;1500 Stahl: 25 Edelstahl: 15 Aluminium: 6 Balliu CF 1500PS 3500 Stahl, Edelstahl, Aluminium 3000&#215;1500 Stahl: 25 Edelstahl: 15 Aluminium: 6 Toleranz nach DIN EN ISO 9013-1 CNC-Stanzen Maschine Stanzkraft [kN] Arbeitsbereich [mm] max. Blechdicke [mm] Positionsabweichung [mm] [&hellip;]<\/p>\n","protected":false},"author":2,"featured_media":0,"parent":0,"menu_order":0,"comment_status":"closed","ping_status":"closed","template":"","meta":[],"_links":{"self":[{"href":"https:\/\/www.wkroglowski.de\/index.php?rest_route=\/wp\/v2\/pages\/516"}],"collection":[{"href":"https:\/\/www.wkroglowski.de\/index.php?rest_route=\/wp\/v2\/pages"}],"about":[{"href":"https:\/\/www.wkroglowski.de\/index.php?rest_route=\/wp\/v2\/types\/page"}],"author":[{"embeddable":true,"href":"https:\/\/www.wkroglowski.de\/index.php?rest_route=\/wp\/v2\/users\/2"}],"replies":[{"embeddable":true,"href":"https:\/\/www.wkroglowski.de\/index.php?rest_route=%2Fwp%2Fv2%2Fcomments&post=516"}],"version-history":[{"count":7,"href":"https:\/\/www.wkroglowski.de\/index.php?rest_route=\/wp\/v2\/pages\/516\/revisions"}],"predecessor-version":[{"id":928,"href":"https:\/\/www.wkroglowski.de\/index.php?rest_route=\/wp\/v2\/pages\/516\/revisions\/928"}],"wp:attachment":[{"href":"https:\/\/www.wkroglowski.de\/index.php?rest_route=%2Fwp%2Fv2%2Fmedia&parent=516"}],"curies":[{"name":"wp","href":"https:\/\/api.w.org\/{rel}","templated":true}]}}