{"id":712,"date":"2019-01-08T12:36:23","date_gmt":"2019-01-08T11:36:23","guid":{"rendered":"http:\/\/www.wkroglowski.de\/wp\/?page_id=712"},"modified":"2022-11-10T10:16:20","modified_gmt":"2022-11-10T09:16:20","slug":"ausbildung","status":"publish","type":"page","link":"https:\/\/www.wkroglowski.de\/?page_id=712","title":{"rendered":"Ausbildung"},"content":{"rendered":"<h2><span style=\"color: #cc0400;\">Ausbildung &#8211; Gemeinsam mehr erreichen!<\/span><\/h2>\n<p><a href=\"https:\/\/www.wkroglowski.de\/wp-content\/uploads\/2019\/01\/22552_Handwerk_22552_1546953727_6403.jpg\"><img decoding=\"async\" loading=\"lazy\" class=\"size-large wp-image-736 aligncenter\" src=\"https:\/\/www.wkroglowski.de\/wp-content\/uploads\/2019\/01\/22552_Handwerk_22552_1546953727_6403-1024x724.jpg\" alt=\"\" width=\"1024\" height=\"724\" srcset=\"https:\/\/www.wkroglowski.de\/wp-content\/uploads\/2019\/01\/22552_Handwerk_22552_1546953727_6403-1024x724.jpg 1024w, https:\/\/www.wkroglowski.de\/wp-content\/uploads\/2019\/01\/22552_Handwerk_22552_1546953727_6403-600x424.jpg 600w, https:\/\/www.wkroglowski.de\/wp-content\/uploads\/2019\/01\/22552_Handwerk_22552_1546953727_6403-300x212.jpg 300w, https:\/\/www.wkroglowski.de\/wp-content\/uploads\/2019\/01\/22552_Handwerk_22552_1546953727_6403-768x543.jpg 768w, https:\/\/www.wkroglowski.de\/wp-content\/uploads\/2019\/01\/22552_Handwerk_22552_1546953727_6403-1200x850.jpg 1200w\" sizes=\"(max-width: 1024px) 100vw, 1024px\" \/><\/a><\/p>\n<h3><strong><span style=\"color: #cc0400;\">Technische Ausbildung<\/span> &#8211; Mit Geschick und Motivation\u00a0<\/strong><\/h3>\n<p>Eine Berufsausbildung im Handwerk ist abwechslungsreich, individuell und sie steckt voller Praxis.<\/p>\n<p>In Deiner Ausbildung lernst Du das fertigen von Stahl- und Metallbaukonstruktionen. Du bekommst Einblicke in das Fertigen von manueller und maschineller Verfahren. Auf der Grundlage von technischen Zeichnungen erstellst Du entweder per Hand oder auch mit Hilfe von modernen CNC-gesteuerten Maschinen Bauteile aus Blechen, Profilen oder Rohren und montierst diese.<\/p>\n<h3><strong><span style=\"color: #cc0400;\">Kaufm\u00e4nnische Ausbildung<\/span> &#8211; Mittendrin in Wirtschaftlichen Prozessen<\/strong><\/h3>\n<p>In Deiner Ausbildung lernst Du, wie man B\u00fcrot\u00e4tigkeiten selbstst\u00e4ndig plant, organisiert und durchf\u00fchrt. Dein Einsatzgebiet ist sehr vielseitig, es reicht von der allgemeinen Verwaltung \u00fcber die Kommunikation mit Kunden bis hin zu T\u00e4tigkeiten im Bereich des betrieblichen Rechnungswesens.<\/p>\n<h3><strong><span style=\"color: #cc0400;\">Du bist nicht allein<\/span> &#8211; Gemeinsam mehr erreichen<\/strong><\/h3>\n<p>Pro Ausbildungsjahr stellen wir 3 Auszubildende ein.<\/p>\n<h3><strong>Ausbildung<\/strong><strong>spl\u00e4tze &#8211; Trau Dich<\/strong><u><\/u><\/h3>\n<table>\n<tbody>\n<tr>\n<td width=\"201\"><strong>Ausbildung<\/strong><\/td>\n<td width=\"201\"><strong>Datum\u00a0<\/strong><\/td>\n<td width=\"201\"><\/td>\n<\/tr>\n<tr>\n<td width=\"201\">Ausbildung als Metallbauer (m\/w\/d) Fachrichtung Konstruktionstechnik<\/td>\n<td width=\"201\">01.08.2023<\/td>\n<td width=\"201\"><\/td>\n<\/tr>\n<tr>\n<td width=\"201\">Ausbildung zum Zerspanungsmechaniker (m\/w\/d)<\/td>\n<td width=\"201\">01.08.2023<\/td>\n<td width=\"201\"><\/td>\n<\/tr>\n<tr>\n<td width=\"201\">Ausbildung zur\/zum Kauffrau\/-mann f\u00fcr B\u00fcromanagement (m\/w\/d)<\/td>\n<td width=\"201\">01.08.2023<\/td>\n<td width=\"201\"><\/td>\n<\/tr>\n<\/tbody>\n<\/table>\n<p><b>Wir freuen uns auf Deine aussagekr\u00e4ftigen <\/b><b>Bewerbungsunterlagen!<\/b><\/p>\n<p>Ansprechpartner: Maike Kroglowski, Adresse: Wkroglowski GmbH &amp; Co KG, Instenkamp 1, 24242 Felde<\/p>\n<p>Email: bewerbung@wkroglowski.de<\/p>\n<p>Bei R\u00fcckfragen stehen wir Dir gerne zur Verf\u00fcgung!<\/p>\n<h3>Mitarbeiter &#8211;\u00a0Eine langfristige <span style=\"color: #cc0400;\">BINDUNG<\/span><\/h3>\n<p>Wir st\u00e4rken kontinuierlich die Kompetenzen und Kommunikationsf\u00e4higkeiten unserer Mitarbeiter, beg\u00fcnstigen ihr Engagement und sorgen f\u00fcr ein sicheres Arbeitsumfeld, sodass jeder zum Erfolg beitragen kann. Wir beziehen unsere Mitarbeiter mit ein, f\u00f6rdern sie und erkennen den Beitrag eines jeden Einzelnen an.<\/p>\n","protected":false},"excerpt":{"rendered":"<p>Ausbildung &#8211; Gemeinsam mehr erreichen! Technische Ausbildung &#8211; Mit Geschick und Motivation\u00a0 Eine Berufsausbildung im Handwerk ist abwechslungsreich, individuell und sie steckt voller Praxis. In Deiner Ausbildung lernst Du das fertigen von Stahl- und Metallbaukonstruktionen. Du bekommst Einblicke in das Fertigen von manueller und maschineller Verfahren. Auf der Grundlage von technischen Zeichnungen erstellst Du entweder [&hellip;]<\/p>\n","protected":false},"author":2,"featured_media":0,"parent":0,"menu_order":0,"comment_status":"closed","ping_status":"closed","template":"","meta":[],"_links":{"self":[{"href":"https:\/\/www.wkroglowski.de\/index.php?rest_route=\/wp\/v2\/pages\/712"}],"collection":[{"href":"https:\/\/www.wkroglowski.de\/index.php?rest_route=\/wp\/v2\/pages"}],"about":[{"href":"https:\/\/www.wkroglowski.de\/index.php?rest_route=\/wp\/v2\/types\/page"}],"author":[{"embeddable":true,"href":"https:\/\/www.wkroglowski.de\/index.php?rest_route=\/wp\/v2\/users\/2"}],"replies":[{"embeddable":true,"href":"https:\/\/www.wkroglowski.de\/index.php?rest_route=%2Fwp%2Fv2%2Fcomments&post=712"}],"version-history":[{"count":18,"href":"https:\/\/www.wkroglowski.de\/index.php?rest_route=\/wp\/v2\/pages\/712\/revisions"}],"predecessor-version":[{"id":910,"href":"https:\/\/www.wkroglowski.de\/index.php?rest_route=\/wp\/v2\/pages\/712\/revisions\/910"}],"wp:attachment":[{"href":"https:\/\/www.wkroglowski.de\/index.php?rest_route=%2Fwp%2Fv2%2Fmedia&parent=712"}],"curies":[{"name":"wp","href":"https:\/\/api.w.org\/{rel}","templated":true}]}}