{"id":817,"date":"2020-03-06T10:02:59","date_gmt":"2020-03-06T09:02:59","guid":{"rendered":"http:\/\/www.wkroglowski.de\/wp\/?page_id=817"},"modified":"2020-03-06T10:08:11","modified_gmt":"2020-03-06T09:08:11","slug":"digitalisierung-standardisierung-und-optimierung-der-betrieblichen-prozesse","status":"publish","type":"page","link":"https:\/\/www.wkroglowski.de\/?page_id=817","title":{"rendered":"Digitalisierung, Standardisierung und Optimierung der betrieblichen Prozesse"},"content":{"rendered":"<h3><\/h3>\n<h3><img decoding=\"async\" loading=\"lazy\" class=\"alignnone size-medium wp-image-801\" src=\"https:\/\/www.wkroglowski.de\/wp-content\/uploads\/2019\/11\/LPW_LOGO_mitClaim-300x187.png\" alt=\"\" width=\"300\" height=\"187\" srcset=\"https:\/\/www.wkroglowski.de\/wp-content\/uploads\/2019\/11\/LPW_LOGO_mitClaim-300x187.png 300w, https:\/\/www.wkroglowski.de\/wp-content\/uploads\/2019\/11\/LPW_LOGO_mitClaim-600x374.png 600w, https:\/\/www.wkroglowski.de\/wp-content\/uploads\/2019\/11\/LPW_LOGO_mitClaim-768x478.png 768w, https:\/\/www.wkroglowski.de\/wp-content\/uploads\/2019\/11\/LPW_LOGO_mitClaim-1024x638.png 1024w, https:\/\/www.wkroglowski.de\/wp-content\/uploads\/2019\/11\/LPW_LOGO_mitClaim.png 1052w\" sizes=\"(max-width: 300px) 100vw, 300px\" \/><\/h3>\n<h3>Investition in Wachstum und Besch\u00e4ftigung<\/h3>\n<p>Das Folgende Projekt wird gef\u00f6rdert von der Europ\u00e4ischen Union-Europ\u00e4ischer Fonds f\u00fcr regionale Entwicklung.<\/p>\n<h2>Projekttitel:<\/h2>\n<h1>Digitalisierung, Standardisierung und Optimierung der betrieblichen Prozesse<\/h1>\n<h2>Projektkurzbeschreibung:<\/h2>\n<p>Bei dem Projekt \u201eDigitalisierung, Standardisierung und Optimierung der betrieblichen Prozesse\u201c werden alle Prozess aus Sicht des Kunden betrachtet, digitalisiert und somit in einen Grad der Transparenz \u00fcberf\u00fchrt, in welchem eine Reproduzierbarkeit mit minimalisiertem Aufwand m\u00f6glich sein wird. Dieses erfolgt durch die Entwicklung und Einf\u00fchrung einer ganzheitliche IT-Prozessl\u00f6sung. In dem Projekt werden die bisher soliden und traditionell entwickelten Unternehmensstrukturen mit den digitalen Anforderungen der heutigen Marktentwicklung verkn\u00fcpft.<\/p>\n","protected":false},"excerpt":{"rendered":"<p>Investition in Wachstum und Besch\u00e4ftigung Das Folgende Projekt wird gef\u00f6rdert von der Europ\u00e4ischen Union-Europ\u00e4ischer Fonds f\u00fcr regionale Entwicklung. Projekttitel: Digitalisierung, Standardisierung und Optimierung der betrieblichen Prozesse Projektkurzbeschreibung: Bei dem Projekt \u201eDigitalisierung, Standardisierung und Optimierung der betrieblichen Prozesse\u201c werden alle Prozess aus Sicht des Kunden betrachtet, digitalisiert und somit in einen Grad der Transparenz \u00fcberf\u00fchrt, in [&hellip;]<\/p>\n","protected":false},"author":1,"featured_media":0,"parent":0,"menu_order":0,"comment_status":"closed","ping_status":"closed","template":"","meta":[],"_links":{"self":[{"href":"https:\/\/www.wkroglowski.de\/index.php?rest_route=\/wp\/v2\/pages\/817"}],"collection":[{"href":"https:\/\/www.wkroglowski.de\/index.php?rest_route=\/wp\/v2\/pages"}],"about":[{"href":"https:\/\/www.wkroglowski.de\/index.php?rest_route=\/wp\/v2\/types\/page"}],"author":[{"embeddable":true,"href":"https:\/\/www.wkroglowski.de\/index.php?rest_route=\/wp\/v2\/users\/1"}],"replies":[{"embeddable":true,"href":"https:\/\/www.wkroglowski.de\/index.php?rest_route=%2Fwp%2Fv2%2Fcomments&post=817"}],"version-history":[{"count":6,"href":"https:\/\/www.wkroglowski.de\/index.php?rest_route=\/wp\/v2\/pages\/817\/revisions"}],"predecessor-version":[{"id":824,"href":"https:\/\/www.wkroglowski.de\/index.php?rest_route=\/wp\/v2\/pages\/817\/revisions\/824"}],"wp:attachment":[{"href":"https:\/\/www.wkroglowski.de\/index.php?rest_route=%2Fwp%2Fv2%2Fmedia&parent=817"}],"curies":[{"name":"wp","href":"https:\/\/api.w.org\/{rel}","templated":true}]}}